{"id":417,"date":"2020-08-11T11:38:32","date_gmt":"2020-08-11T15:38:32","guid":{"rendered":"https:\/\/clubloscortijos.com\/site\/?page_id=417"},"modified":"2020-09-21T12:54:22","modified_gmt":"2020-09-21T16:54:22","slug":"heladeria","status":"publish","type":"page","link":"https:\/\/clubloscortijos.com\/site\/heladeria\/","title":{"rendered":"Helader\u00eda"},"content":{"rendered":"\t\t<div data-elementor-type=\"wp-page\" data-elementor-id=\"417\" class=\"elementor elementor-417\">\n\t\t\t\t\t\t<section class=\"elementor-section elementor-top-section elementor-element elementor-element-f3d6448 elementor-section-boxed elementor-section-height-default elementor-section-height-default\" data-id=\"f3d6448\" data-element_type=\"section\">\n\t\t\t\t\t\t<div class=\"elementor-container elementor-column-gap-default\">\n\t\t\t\t\t<div class=\"elementor-column elementor-col-100 elementor-top-column elementor-element elementor-element-8e67c7f\" data-id=\"8e67c7f\" data-element_type=\"column\">\n\t\t\t<div class=\"elementor-widget-wrap elementor-element-populated\">\n\t\t\t\t\t\t<div class=\"elementor-element elementor-element-c8df8f6 elementor-widget elementor-widget-image\" data-id=\"c8df8f6\" data-element_type=\"widget\" data-widget_type=\"image.default\">\n\t\t\t\t<div class=\"elementor-widget-container\">\n\t\t\t\t\t\t\t\t\t\t\t\t\t<img decoding=\"async\" src=\"https:\/\/clubloscortijos.com\/site\/wp-content\/uploads\/2020\/09\/heladeria.jpg\" title=\"\" alt=\"\" loading=\"lazy\" \/>\t\t\t\t\t\t\t\t\t\t\t\t\t<\/div>\n\t\t\t\t<\/div>\n\t\t\t\t<div class=\"elementor-element elementor-element-2dc254d elementor-widget elementor-widget-text-editor\" data-id=\"2dc254d\" data-element_type=\"widget\" data-widget_type=\"text-editor.default\">\n\t\t\t\t<div class=\"elementor-widget-container\">\n\t\t\t\t\t\t\t<p>En un d\u00eda de disfrute dentro de nuestras instalaciones no puede faltar el postre favorito de los m\u00e1s peque\u00f1os. Es por eso que la Helader\u00eda del Club te trae los mejores sabores de helados para que sacies ese antojo despu\u00e9s de un d\u00eda de piscina&#8230;<\/p>\t\t\t\t\t\t<\/div>\n\t\t\t\t<\/div>\n\t\t\t\t\t<\/div>\n\t\t<\/div>\n\t\t\t\t\t<\/div>\n\t\t<\/section>\n\t\t\t\t<\/div>\n\t\t","protected":false},"excerpt":{"rendered":"<p>En un d\u00eda de disfrute dentro de nuestras instalaciones no puede faltar el postre favorito de los m\u00e1s peque\u00f1os. Es por eso que la Helader\u00eda del Club te trae los mejores sabores de helados para que sacies ese antojo despu\u00e9s de un d\u00eda de piscina&#8230;<\/p>\n","protected":false},"author":3,"featured_media":0,"parent":0,"menu_order":0,"comment_status":"closed","ping_status":"closed","template":"","meta":{"footnotes":""},"_links":{"self":[{"href":"https:\/\/clubloscortijos.com\/site\/wp-json\/wp\/v2\/pages\/417"}],"collection":[{"href":"https:\/\/clubloscortijos.com\/site\/wp-json\/wp\/v2\/pages"}],"about":[{"href":"https:\/\/clubloscortijos.com\/site\/wp-json\/wp\/v2\/types\/page"}],"author":[{"embeddable":true,"href":"https:\/\/clubloscortijos.com\/site\/wp-json\/wp\/v2\/users\/3"}],"replies":[{"embeddable":true,"href":"https:\/\/clubloscortijos.com\/site\/wp-json\/wp\/v2\/comments?post=417"}],"version-history":[{"count":2,"href":"https:\/\/clubloscortijos.com\/site\/wp-json\/wp\/v2\/pages\/417\/revisions"}],"predecessor-version":[{"id":981,"href":"https:\/\/clubloscortijos.com\/site\/wp-json\/wp\/v2\/pages\/417\/revisions\/981"}],"wp:attachment":[{"href":"https:\/\/clubloscortijos.com\/site\/wp-json\/wp\/v2\/media?parent=417"}],"curies":[{"name":"wp","href":"https:\/\/api.w.org\/{rel}","templated":true}]}}