{"id":120,"date":"2020-07-16T15:29:24","date_gmt":"2020-07-16T19:29:24","guid":{"rendered":"https:\/\/clubloscortijos.com\/site\/?page_id=120"},"modified":"2020-08-18T11:47:16","modified_gmt":"2020-08-18T15:47:16","slug":"historia","status":"publish","type":"page","link":"https:\/\/clubloscortijos.com\/site\/historia\/","title":{"rendered":"Historia"},"content":{"rendered":"\t\t<div data-elementor-type=\"wp-page\" data-elementor-id=\"120\" class=\"elementor elementor-120\">\n\t\t\t\t\t\t<section class=\"elementor-section elementor-top-section elementor-element elementor-element-8215904 elementor-section-boxed elementor-section-height-default elementor-section-height-default\" data-id=\"8215904\" data-element_type=\"section\">\n\t\t\t\t\t\t<div class=\"elementor-container elementor-column-gap-default\">\n\t\t\t\t\t<div class=\"elementor-column elementor-col-100 elementor-top-column elementor-element elementor-element-0a32c1e\" data-id=\"0a32c1e\" data-element_type=\"column\">\n\t\t\t<div class=\"elementor-widget-wrap elementor-element-populated\">\n\t\t\t\t\t\t<div class=\"elementor-element elementor-element-7e64dfe animated-slow elementor-invisible elementor-widget elementor-widget-image\" data-id=\"7e64dfe\" data-element_type=\"widget\" data-settings=\"{&quot;_animation&quot;:&quot;fadeIn&quot;}\" data-widget_type=\"image.default\">\n\t\t\t\t<div class=\"elementor-widget-container\">\n\t\t\t\t\t\t\t\t\t\t\t\t\t<img decoding=\"async\" src=\"https:\/\/clubloscortijos.com\/site\/wp-content\/uploads\/2020\/07\/el-club-1944.jpg\" title=\"\" alt=\"\" loading=\"lazy\" \/>\t\t\t\t\t\t\t\t\t\t\t\t\t<\/div>\n\t\t\t\t<\/div>\n\t\t\t\t\t<\/div>\n\t\t<\/div>\n\t\t\t\t\t<\/div>\n\t\t<\/section>\n\t\t\t\t<section class=\"elementor-section elementor-top-section elementor-element elementor-element-8a0d91f elementor-section-boxed elementor-section-height-default elementor-section-height-default\" data-id=\"8a0d91f\" data-element_type=\"section\">\n\t\t\t\t\t\t<div class=\"elementor-container elementor-column-gap-default\">\n\t\t\t\t\t<div class=\"elementor-column elementor-col-100 elementor-top-column elementor-element elementor-element-e2c5f82\" data-id=\"e2c5f82\" data-element_type=\"column\">\n\t\t\t<div class=\"elementor-widget-wrap elementor-element-populated\">\n\t\t\t\t\t\t<div class=\"elementor-element elementor-element-72bff83 elementor-widget elementor-widget-text-editor\" data-id=\"72bff83\" data-element_type=\"widget\" data-widget_type=\"text-editor.default\">\n\t\t\t\t<div class=\"elementor-widget-container\">\n\t\t\t\t\t\t\t<p>En 1944 un grupo de venezolanos aficionados al deporte y a la vida campestre, decidi\u00f3 constituir, en la ciudad de Caracas, un club diferente a los que exist\u00edan, al que le dieron tres elementos distintivos: que fuese muy venezolano, muy familiar y muy deportivo.<\/p><p>Para crear este Club, ese grupo de visionarios compr\u00f3 un terreno en la Hacienda Lourdes de Los Dos Caminos, en lo que posteriormente se desarrollar\u00eda como la Urbanizaci\u00f3n Los Cortijos de Lourdes.<\/p><p>El Club se constituye en octubre de 1944, durante la presidencia de Isa\u00edas Medina Angarita. Inicialmente se estableci\u00f3 con un m\u00e1ximo de 150 socios, cada uno de los cuales deb\u00eda suscribir una acci\u00f3n por un valor de 2.000 bol\u00edvares, una cantidad muy importante para la \u00e9poca.<\/p><p>Entre los fundadores figuraban Alberto Ord\u00f3\u00f1ez, quien fue el primer presidente de la Junta Directiva, y Gustavo Gil, el primer vicepresidente. Alejandro Hern\u00e1ndez, fabricante del ron y delos productos Pampero, fue el primer secretario y Jos\u00e9 Delgado el tesorero.<\/p><p>De las primeras obras, tenemos el patio de bolas criollas y la casa principal. Luego, la gallera y la manga de toros coleados. Posteriormente, cuando el Club superaba sus 10 a\u00f1os, se hizo la primera gran ampliaci\u00f3n que perfil\u00f3 la sede actual. Con el paso del tiempo, se incorporaron nuevas instalaciones como las piscinas, el campo de softball, las canchas de tenis, la cancha de equitaci\u00f3n y la del bowling. A finales de los 80 se realiz\u00f3 la \u00faltima gran ampliaci\u00f3n que complet\u00f3 la infraestructura del Club.<\/p><p>A lo largo de estas casi ocho d\u00e9cadas, el Club ha sido testigo de innumerables actos deportivos y sociales, que han recibido de manera consistente una alt\u00edsima valoraci\u00f3n, adem\u00e1s de siempre hacer \u00e9nfasis en resaltar las celebraciones tradicionales venezolanas, permitiendo que nuestro centro social siga siendo fiel a lo que se propuso el grupo de fundadores: En pleno campo, que sirva de esparcimiento sano y ameno a los asociados.<\/p>\t\t\t\t\t\t<\/div>\n\t\t\t\t<\/div>\n\t\t\t\t\t<\/div>\n\t\t<\/div>\n\t\t\t\t\t<\/div>\n\t\t<\/section>\n\t\t\t\t<\/div>\n\t\t","protected":false},"excerpt":{"rendered":"<p>En 1944 un grupo de venezolanos aficionados al deporte y a la vida campestre, decidi\u00f3 constituir, en la ciudad de Caracas, un club diferente a los que exist\u00edan, al que le dieron tres elementos distintivos: que fuese muy venezolano, muy familiar y muy deportivo. Para crear este Club, ese grupo de visionarios compr\u00f3 un terreno &hellip; <\/p>\n<p class=\"link-more\"><a href=\"https:\/\/clubloscortijos.com\/site\/historia\/\" class=\"more-link\">Continuar leyendo<span class=\"screen-reader-text\"> \u00abHistoria\u00bb<\/span><\/a><\/p>\n","protected":false},"author":3,"featured_media":0,"parent":0,"menu_order":0,"comment_status":"closed","ping_status":"closed","template":"","meta":{"footnotes":""},"_links":{"self":[{"href":"https:\/\/clubloscortijos.com\/site\/wp-json\/wp\/v2\/pages\/120"}],"collection":[{"href":"https:\/\/clubloscortijos.com\/site\/wp-json\/wp\/v2\/pages"}],"about":[{"href":"https:\/\/clubloscortijos.com\/site\/wp-json\/wp\/v2\/types\/page"}],"author":[{"embeddable":true,"href":"https:\/\/clubloscortijos.com\/site\/wp-json\/wp\/v2\/users\/3"}],"replies":[{"embeddable":true,"href":"https:\/\/clubloscortijos.com\/site\/wp-json\/wp\/v2\/comments?post=120"}],"version-history":[{"count":4,"href":"https:\/\/clubloscortijos.com\/site\/wp-json\/wp\/v2\/pages\/120\/revisions"}],"predecessor-version":[{"id":459,"href":"https:\/\/clubloscortijos.com\/site\/wp-json\/wp\/v2\/pages\/120\/revisions\/459"}],"wp:attachment":[{"href":"https:\/\/clubloscortijos.com\/site\/wp-json\/wp\/v2\/media?parent=120"}],"curies":[{"name":"wp","href":"https:\/\/api.w.org\/{rel}","templated":true}]}}